{"id":2789,"date":"2024-01-10T14:26:49","date_gmt":"2024-01-10T20:26:49","guid":{"rendered":"https:\/\/vitalmedical.sv\/?page_id=2789"},"modified":"2026-03-23T14:49:44","modified_gmt":"2026-03-23T20:49:44","slug":"ayuda","status":"publish","type":"page","link":"https:\/\/vitalmedical.sv\/index.php\/ayuda\/","title":{"rendered":"Ayuda"},"content":{"rendered":"\t\t<div data-elementor-type=\"wp-page\" data-elementor-id=\"2789\" class=\"elementor elementor-2789\">\n\t\t\t\t\t\t<section class=\"elementor-section elementor-top-section elementor-element elementor-element-fbfdbf1 elementor-section-height-min-height elementor-section-full_width elementor-section-height-default elementor-section-items-middle\" data-id=\"fbfdbf1\" data-element_type=\"section\" data-settings=\"{&quot;background_background&quot;:&quot;classic&quot;}\">\n\t\t\t\t\t\t\t<div class=\"elementor-background-overlay\"><\/div>\n\t\t\t\t\t\t\t<div class=\"elementor-container elementor-column-gap-default\">\n\t\t\t\t\t<div class=\"elementor-column elementor-col-100 elementor-top-column elementor-element elementor-element-4279154\" data-id=\"4279154\" data-element_type=\"column\">\n\t\t\t<div class=\"elementor-widget-wrap elementor-element-populated\">\n\t\t\t\t\t\t<div class=\"elementor-element elementor-element-b5d1515 elementor-widget elementor-widget-heading\" data-id=\"b5d1515\" data-element_type=\"widget\" data-widget_type=\"heading.default\">\n\t\t\t\t<div class=\"elementor-widget-container\">\n\t\t\t\t\t<h1 class=\"elementor-heading-title elementor-size-default\">Ayuda<\/h1>\t\t\t\t<\/div>\n\t\t\t\t<\/div>\n\t\t\t\t<div class=\"elementor-element elementor-element-4cfeeb6 elementor-widget elementor-widget-text-editor\" data-id=\"4cfeeb6\" data-element_type=\"widget\" data-widget_type=\"text-editor.default\">\n\t\t\t\t<div class=\"elementor-widget-container\">\n\t\t\t\t\t\t\t\t\t<p style=\"text-align: center;\"><span style=\"color: #ffffff;\">\u00bfTienes dudas como ocupar nuestro cat\u00e1logo?<br \/><\/span><\/p><p style=\"text-align: center;\"><span style=\"color: #ffffff;\">No, te preocupes. Aqu\u00ed te mostramos los pasos a seguir.<br \/><\/span><\/p>\t\t\t\t\t\t\t\t<\/div>\n\t\t\t\t<\/div>\n\t\t\t\t\t<\/div>\n\t\t<\/div>\n\t\t\t\t\t<\/div>\n\t\t<\/section>\n\t\t<div class=\"elementor-element elementor-element-30165d0 e-flex e-con-boxed e-con e-parent\" data-id=\"30165d0\" data-element_type=\"container\">\n\t\t\t\t\t<div class=\"e-con-inner\">\n\t\t\t\t<div class=\"elementor-element elementor-element-3b4dd4a elementor-widget elementor-widget-heading\" data-id=\"3b4dd4a\" data-element_type=\"widget\" data-widget_type=\"heading.default\">\n\t\t\t\t<div class=\"elementor-widget-container\">\n\t\t\t\t\t<h2 class=\"elementor-heading-title elementor-size-default\">Paso 1. -Ingresa al Cat\u00e1logo<\/h2>\t\t\t\t<\/div>\n\t\t\t\t<\/div>\n\t\t\t\t<div class=\"elementor-element elementor-element-5d6d5cb elementor-widget elementor-widget-video\" data-id=\"5d6d5cb\" data-element_type=\"widget\" data-settings=\"{&quot;video_type&quot;:&quot;hosted&quot;,&quot;mute&quot;:&quot;yes&quot;,&quot;loop&quot;:&quot;yes&quot;,&quot;controls&quot;:&quot;yes&quot;}\" data-widget_type=\"video.default\">\n\t\t\t\t<div class=\"elementor-widget-container\">\n\t\t\t\t\t\t\t<div class=\"e-hosted-video elementor-wrapper elementor-open-inline\">\n\t\t\t\t\t<video class=\"elementor-video\" src=\"https:\/\/vitalmedical.sv\/wp-content\/uploads\/2024\/01\/Paso-01.mp4\" loop=\"\" controls=\"\" preload=\"metadata\" muted=\"muted\" controlsList=\"nodownload\"><\/video>\n\t\t\t\t<\/div>\n\t\t\t\t\t\t<\/div>\n\t\t\t\t<\/div>\n\t\t\t\t<div class=\"elementor-element elementor-element-0d50386 elementor-widget elementor-widget-text-editor\" data-id=\"0d50386\" data-element_type=\"widget\" data-widget_type=\"text-editor.default\">\n\t\t\t\t<div class=\"elementor-widget-container\">\n\t\t\t\t\t\t\t\t\t<p style=\"text-align: center;\">Dir\u00edgete hacia la barra de men\u00fa, en la parte superior derecha, coloca el cursor sobre la palabra \u00abCat\u00e1logo\u00bb, luego has click en \u00abProductos\u00bb.<\/p>\t\t\t\t\t\t\t\t<\/div>\n\t\t\t\t<\/div>\n\t\t\t\t\t<\/div>\n\t\t\t\t<\/div>\n\t\t<div class=\"elementor-element elementor-element-407bf30 e-flex e-con-boxed e-con e-parent\" data-id=\"407bf30\" data-element_type=\"container\">\n\t\t\t\t\t<div class=\"e-con-inner\">\n\t\t\t\t<div class=\"elementor-element elementor-element-25de803 elementor-widget elementor-widget-heading\" data-id=\"25de803\" data-element_type=\"widget\" data-widget_type=\"heading.default\">\n\t\t\t\t<div class=\"elementor-widget-container\">\n\t\t\t\t\t<h2 class=\"elementor-heading-title elementor-size-default\">Paso 2. -Selecciona tus productos<\/h2>\t\t\t\t<\/div>\n\t\t\t\t<\/div>\n\t\t\t\t\t<\/div>\n\t\t\t\t<\/div>\n\t\t<div class=\"elementor-element elementor-element-f559090 e-flex e-con-boxed e-con e-parent\" data-id=\"f559090\" data-element_type=\"container\">\n\t\t\t\t\t<div class=\"e-con-inner\">\n\t\t<div class=\"elementor-element elementor-element-174b025 e-con-full e-flex e-con e-child\" data-id=\"174b025\" data-element_type=\"container\">\n\t\t\t\t<div class=\"elementor-element elementor-element-4015ff4 elementor-widget elementor-widget-video\" data-id=\"4015ff4\" data-element_type=\"widget\" data-settings=\"{&quot;video_type&quot;:&quot;hosted&quot;,&quot;mute&quot;:&quot;yes&quot;,&quot;loop&quot;:&quot;yes&quot;,&quot;controls&quot;:&quot;yes&quot;}\" data-widget_type=\"video.default\">\n\t\t\t\t<div class=\"elementor-widget-container\">\n\t\t\t\t\t\t\t<div class=\"e-hosted-video elementor-wrapper elementor-open-inline\">\n\t\t\t\t\t<video class=\"elementor-video\" src=\"https:\/\/vitalmedical.sv\/wp-content\/uploads\/2024\/01\/Paso-02.mp4\" loop=\"\" controls=\"\" preload=\"metadata\" muted=\"muted\" controlsList=\"nodownload\"><\/video>\n\t\t\t\t<\/div>\n\t\t\t\t\t\t<\/div>\n\t\t\t\t<\/div>\n\t\t\t\t<div class=\"elementor-element elementor-element-49cde9e elementor-widget elementor-widget-text-editor\" data-id=\"49cde9e\" data-element_type=\"widget\" data-widget_type=\"text-editor.default\">\n\t\t\t\t<div class=\"elementor-widget-container\">\n\t\t\t\t\t\t\t\t\t<div class=\"textarea\"><div>Puedes buscar los productos de dos maneras.\u00a0<span class=\"googie_link\">Despl\u00e1zate<\/span>\u00a0hacia abajo y selecciona la marca que buscas, dentro puedes seleccionar\u00a0<span class=\"googie_link\">subcategor\u00edas<\/span>\u00a0o puedes ver todo el cat\u00e1logo de la marca navegando hacia abajo.<\/div><\/div>\t\t\t\t\t\t\t\t<\/div>\n\t\t\t\t<\/div>\n\t\t\t\t<\/div>\n\t\t<div class=\"elementor-element elementor-element-9fade19 e-con-full e-flex e-con e-child\" data-id=\"9fade19\" data-element_type=\"container\">\n\t\t\t\t<div class=\"elementor-element elementor-element-5204d4a elementor-widget elementor-widget-video\" data-id=\"5204d4a\" data-element_type=\"widget\" data-settings=\"{&quot;video_type&quot;:&quot;hosted&quot;,&quot;mute&quot;:&quot;yes&quot;,&quot;loop&quot;:&quot;yes&quot;,&quot;controls&quot;:&quot;yes&quot;}\" data-widget_type=\"video.default\">\n\t\t\t\t<div class=\"elementor-widget-container\">\n\t\t\t\t\t\t\t<div class=\"e-hosted-video elementor-wrapper elementor-open-inline\">\n\t\t\t\t\t<video class=\"elementor-video\" src=\"https:\/\/vitalmedical.sv\/wp-content\/uploads\/2024\/01\/Paso-05.mp4\" loop=\"\" controls=\"\" preload=\"metadata\" muted=\"muted\" controlsList=\"nodownload\"><\/video>\n\t\t\t\t<\/div>\n\t\t\t\t\t\t<\/div>\n\t\t\t\t<\/div>\n\t\t\t\t<div class=\"elementor-element elementor-element-545792a elementor-widget elementor-widget-text-editor\" data-id=\"545792a\" data-element_type=\"widget\" data-widget_type=\"text-editor.default\">\n\t\t\t\t<div class=\"elementor-widget-container\">\n\t\t\t\t\t\t\t\t\t<p><span class=\"googie_link\">Tambi\u00e9n<\/span>\u00a0puedes buscar por nombre o categor\u00eda para una busqueda m\u00e1s puntual.\u00a0<span class=\"googie_link\">Despl\u00e1zate<\/span>\u00a0hacia abajo hasta \u00abTodos los productos\u00bb, has\u00a0<span class=\"googie_link\">click<\/span>\u00a0en la barra de busqueda y escribe lo que necesitas, luego has\u00a0<span class=\"googie_link\">click<\/span>\u00a0en la lupa.<\/p>\t\t\t\t\t\t\t\t<\/div>\n\t\t\t\t<\/div>\n\t\t\t\t<\/div>\n\t\t\t\t\t<\/div>\n\t\t\t\t<\/div>\n\t\t<div class=\"elementor-element elementor-element-10cf225 e-flex e-con-boxed e-con e-parent\" data-id=\"10cf225\" data-element_type=\"container\">\n\t\t\t\t\t<div class=\"e-con-inner\">\n\t\t\t\t<div class=\"elementor-element elementor-element-4ee4c04 elementor-widget elementor-widget-text-editor\" data-id=\"4ee4c04\" data-element_type=\"widget\" data-widget_type=\"text-editor.default\">\n\t\t\t\t<div class=\"elementor-widget-container\">\n\t\t\t\t\t\t\t\t\t<p style=\"text-align: center;\">Luego de seleccionar el producto puedes elegir las unidades que necesitas y darle click a \u00abA\u00f1adir a la consulta\u00bb.<\/p>\t\t\t\t\t\t\t\t<\/div>\n\t\t\t\t<\/div>\n\t\t\t\t\t<\/div>\n\t\t\t\t<\/div>\n\t\t<div class=\"elementor-element elementor-element-07a1704 e-flex e-con-boxed e-con e-parent\" data-id=\"07a1704\" data-element_type=\"container\">\n\t\t\t\t\t<div class=\"e-con-inner\">\n\t\t\t\t<div class=\"elementor-element elementor-element-dc08fdf elementor-widget elementor-widget-heading\" data-id=\"dc08fdf\" data-element_type=\"widget\" data-widget_type=\"heading.default\">\n\t\t\t\t<div class=\"elementor-widget-container\">\n\t\t\t\t\t<h2 class=\"elementor-heading-title elementor-size-default\">Paso 3. -Revisa tu carrito de consulta<\/h2>\t\t\t\t<\/div>\n\t\t\t\t<\/div>\n\t\t\t\t\t<\/div>\n\t\t\t\t<\/div>\n\t\t<div class=\"elementor-element elementor-element-c60aed9 e-flex e-con-boxed e-con e-parent\" data-id=\"c60aed9\" data-element_type=\"container\">\n\t\t\t\t\t<div class=\"e-con-inner\">\n\t\t<div class=\"elementor-element elementor-element-12cd69b e-con-full e-flex e-con e-child\" data-id=\"12cd69b\" data-element_type=\"container\">\n\t\t\t\t<div class=\"elementor-element elementor-element-065fe3a elementor-widget elementor-widget-video\" data-id=\"065fe3a\" data-element_type=\"widget\" data-settings=\"{&quot;video_type&quot;:&quot;hosted&quot;,&quot;mute&quot;:&quot;yes&quot;,&quot;loop&quot;:&quot;yes&quot;,&quot;controls&quot;:&quot;yes&quot;}\" data-widget_type=\"video.default\">\n\t\t\t\t<div class=\"elementor-widget-container\">\n\t\t\t\t\t\t\t<div class=\"e-hosted-video elementor-wrapper elementor-open-inline\">\n\t\t\t\t\t<video class=\"elementor-video\" src=\"https:\/\/vitalmedical.sv\/wp-content\/uploads\/2024\/01\/Paso-03.mp4\" loop=\"\" controls=\"\" preload=\"metadata\" muted=\"muted\" controlsList=\"nodownload\"><\/video>\n\t\t\t\t<\/div>\n\t\t\t\t\t\t<\/div>\n\t\t\t\t<\/div>\n\t\t\t\t<div class=\"elementor-element elementor-element-d002fe8 elementor-widget elementor-widget-text-editor\" data-id=\"d002fe8\" data-element_type=\"widget\" data-widget_type=\"text-editor.default\">\n\t\t\t\t<div class=\"elementor-widget-container\">\n\t\t\t\t\t\t\t\t\t<p>Luego de adicionar el producto a tu carrito, has click en \u00abVer tu carrito\u00bb, podr\u00e1s ver el listado de los items a\u00f1adidos.<\/p>\t\t\t\t\t\t\t\t<\/div>\n\t\t\t\t<\/div>\n\t\t\t\t<\/div>\n\t\t<div class=\"elementor-element elementor-element-92526f2 e-con-full e-flex e-con e-child\" data-id=\"92526f2\" data-element_type=\"container\">\n\t\t\t\t<div class=\"elementor-element elementor-element-f706ea5 elementor-widget elementor-widget-video\" data-id=\"f706ea5\" data-element_type=\"widget\" data-settings=\"{&quot;video_type&quot;:&quot;hosted&quot;,&quot;mute&quot;:&quot;yes&quot;,&quot;loop&quot;:&quot;yes&quot;,&quot;controls&quot;:&quot;yes&quot;}\" data-widget_type=\"video.default\">\n\t\t\t\t<div class=\"elementor-widget-container\">\n\t\t\t\t\t\t\t<div class=\"e-hosted-video elementor-wrapper elementor-open-inline\">\n\t\t\t\t\t<video class=\"elementor-video\" src=\"https:\/\/vitalmedical.sv\/wp-content\/uploads\/2024\/01\/Paso-04.mp4\" loop=\"\" controls=\"\" preload=\"metadata\" muted=\"muted\" controlsList=\"nodownload\"><\/video>\n\t\t\t\t<\/div>\n\t\t\t\t\t\t<\/div>\n\t\t\t\t<\/div>\n\t\t\t\t<div class=\"elementor-element elementor-element-df0168b elementor-widget elementor-widget-text-editor\" data-id=\"df0168b\" data-element_type=\"widget\" data-widget_type=\"text-editor.default\">\n\t\t\t\t<div class=\"elementor-widget-container\">\n\t\t\t\t\t\t\t\t\t<p>Si quieres seguir adicionando m\u00e1s items has click en \u00abA\u00f1adir m\u00e1s productos\u00bb. Puedes modificar las unidades o eliminar el item clickeando la \u00ab<span style=\"color: #ff0000;\">x<span style=\"color: #333333;\">\u00ab<\/span><\/span>.<\/p>\t\t\t\t\t\t\t\t<\/div>\n\t\t\t\t<\/div>\n\t\t\t\t<\/div>\n\t\t\t\t\t<\/div>\n\t\t\t\t<\/div>\n\t\t<div class=\"elementor-element elementor-element-9301a23 e-flex e-con-boxed e-con e-parent\" data-id=\"9301a23\" data-element_type=\"container\">\n\t\t\t\t\t<div class=\"e-con-inner\">\n\t\t<div class=\"elementor-element elementor-element-6094139 e-flex e-con-boxed e-con e-child\" data-id=\"6094139\" data-element_type=\"container\">\n\t\t\t\t\t<div class=\"e-con-inner\">\n\t\t\t\t<div class=\"elementor-element elementor-element-107de92 elementor-widget elementor-widget-heading\" data-id=\"107de92\" data-element_type=\"widget\" data-widget_type=\"heading.default\">\n\t\t\t\t<div class=\"elementor-widget-container\">\n\t\t\t\t\t<h2 class=\"elementor-heading-title elementor-size-default\">Paso 5. -Coloca tu consulta<\/h2>\t\t\t\t<\/div>\n\t\t\t\t<\/div>\n\t\t\t\t<div class=\"elementor-element elementor-element-c7835bd elementor-widget elementor-widget-video\" data-id=\"c7835bd\" data-element_type=\"widget\" data-settings=\"{&quot;video_type&quot;:&quot;hosted&quot;,&quot;mute&quot;:&quot;yes&quot;,&quot;loop&quot;:&quot;yes&quot;,&quot;controls&quot;:&quot;yes&quot;}\" data-widget_type=\"video.default\">\n\t\t\t\t<div class=\"elementor-widget-container\">\n\t\t\t\t\t\t\t<div class=\"e-hosted-video elementor-wrapper elementor-open-inline\">\n\t\t\t\t\t<video class=\"elementor-video\" src=\"https:\/\/vitalmedical.sv\/wp-content\/uploads\/2024\/01\/Finalizar-Consulta.mp4\" loop=\"\" controls=\"\" preload=\"metadata\" muted=\"muted\" controlsList=\"nodownload\"><\/video>\n\t\t\t\t<\/div>\n\t\t\t\t\t\t<\/div>\n\t\t\t\t<\/div>\n\t\t\t\t<div class=\"elementor-element elementor-element-223b027 elementor-widget elementor-widget-text-editor\" data-id=\"223b027\" data-element_type=\"widget\" data-widget_type=\"text-editor.default\">\n\t\t\t\t<div class=\"elementor-widget-container\">\n\t\t\t\t\t\t\t\t\t<p style=\"text-align: center;\">Luego de a\u00f1adir todos los productos que necesitas, dir\u00edgete a la barra de men\u00fa, coloca el cursor sobre la palabra \u00abCat\u00e1logo\u00bb, y has click en \u00abCarrito de Cotizaciones\u00bb. Podr\u00e1s ver todos los items que has a\u00f1adido al carrito. Revisa que todo el listado est\u00e9 como lo necesites, has click en \u00abContinuar\u00bb, llena el formulario con los datos solicitados y para terminar has click en \u00abEnv\u00ede su consulta\u00bb.<\/p>\t\t\t\t\t\t\t\t<\/div>\n\t\t\t\t<\/div>\n\t\t\t\t\t<\/div>\n\t\t\t\t<\/div>\n\t\t\t\t\t<\/div>\n\t\t\t\t<\/div>\n\t\t<div class=\"elementor-element elementor-element-c33a6b0 e-flex e-con-boxed e-con e-parent\" data-id=\"c33a6b0\" data-element_type=\"container\">\n\t\t\t\t\t<div class=\"e-con-inner\">\n\t\t\t\t<div class=\"elementor-element elementor-element-a59c272 elementor-widget elementor-widget-text-editor\" data-id=\"a59c272\" data-element_type=\"widget\" data-widget_type=\"text-editor.default\">\n\t\t\t\t<div class=\"elementor-widget-container\">\n\t\t\t\t\t\t\t\t\t<p style=\"text-align: center;\">\u00a1Listo! Ser\u00e1s redirigido a una p\u00e1gina donde anuncia que estaremos en contacto lo m\u00e1s pronto posible contigo. Puedes optar por \u00abVolver a Inicio\u00bb o \u00abIr a Cat\u00e1logo\u00bb.<\/p>\t\t\t\t\t\t\t\t<\/div>\n\t\t\t\t<\/div>\n\t\t\t\t\t<\/div>\n\t\t\t\t<\/div>\n\t\t<div class=\"elementor-element elementor-element-11dff79 e-flex e-con-boxed e-con e-parent\" data-id=\"11dff79\" data-element_type=\"container\">\n\t\t\t\t\t<div class=\"e-con-inner\">\n\t\t\t\t<div class=\"elementor-element elementor-element-3434dc0 elementor-widget elementor-widget-text-editor\" data-id=\"3434dc0\" data-element_type=\"widget\" data-widget_type=\"text-editor.default\">\n\t\t\t\t<div class=\"elementor-widget-container\">\n\t\t\t\t\t\t\t\t\t<p style=\"text-align: center;\">\u00bfNo era esta tu consulta? Comunicate con nosotros.<\/p><p style=\"text-align: center;\">Estamos para ayudarte.<\/p>\t\t\t\t\t\t\t\t<\/div>\n\t\t\t\t<\/div>\n\t\t\t\t<div class=\"elementor-element elementor-element-28c6699 elementor-align-center elementor-widget elementor-widget-button\" data-id=\"28c6699\" data-element_type=\"widget\" data-widget_type=\"button.default\">\n\t\t\t\t<div class=\"elementor-widget-container\">\n\t\t\t\t\t\t\t\t\t<div class=\"elementor-button-wrapper\">\n\t\t\t\t\t<a class=\"elementor-button elementor-button-link elementor-size-sm\" href=\"https:\/\/vitalmedical.sv\/index.php\/contacto\/\">\n\t\t\t\t\t\t<span class=\"elementor-button-content-wrapper\">\n\t\t\t\t\t\t\t\t\t<span class=\"elementor-button-text\">Hablemos<\/span>\n\t\t\t\t\t<\/span>\n\t\t\t\t\t<\/a>\n\t\t\t\t<\/div>\n\t\t\t\t\t\t\t\t<\/div>\n\t\t\t\t<\/div>\n\t\t\t\t\t<\/div>\n\t\t\t\t<\/div>\n\t\t\t\t<\/div>\n\t\t","protected":false},"excerpt":{"rendered":"<p>Ayuda \u00bfTienes dudas como ocupar nuestro cat\u00e1logo? No, te preocupes. Aqu\u00ed te mostramos los pasos a seguir. Paso 1. -Ingresa al Cat\u00e1logo https:\/\/vitalmedical.sv\/wp-content\/uploads\/2024\/01\/Paso-01.mp4 Dir\u00edgete hacia la barra de men\u00fa, en la parte superior derecha, coloca el cursor sobre la palabra \u00abCat\u00e1logo\u00bb, luego has click en \u00abProductos\u00bb. Paso 2. -Selecciona tus productos https:\/\/vitalmedical.sv\/wp-content\/uploads\/2024\/01\/Paso-02.mp4Puedes buscar los productos &hellip;<\/p>\n<p class=\"read-more\"> <a class=\"\" href=\"https:\/\/vitalmedical.sv\/index.php\/ayuda\/\"> <span class=\"screen-reader-text\">Ayuda<\/span> Leer m\u00e1s &raquo;<\/a><\/p>\n","protected":false},"author":1,"featured_media":0,"parent":0,"menu_order":0,"comment_status":"closed","ping_status":"closed","template":"","meta":{"site-sidebar-layout":"no-sidebar","site-content-layout":"page-builder","ast-site-content-layout":"full-width-container","site-content-style":"default","site-sidebar-style":"default","ast-global-header-display":"","ast-banner-title-visibility":"","ast-main-header-display":"","ast-hfb-above-header-display":"","ast-hfb-below-header-display":"","ast-hfb-mobile-header-display":"","site-post-title":"disabled","ast-breadcrumbs-content":"","ast-featured-img":"disabled","footer-sml-layout":"","theme-transparent-header-meta":"default","adv-header-id-meta":"","stick-header-meta":"","header-above-stick-meta":"","header-main-stick-meta":"","header-below-stick-meta":"","astra-migrate-meta-layouts":"set","footnotes":""},"class_list":["post-2789","page","type-page","status-publish","hentry"],"aioseo_notices":[],"_links":{"self":[{"href":"https:\/\/vitalmedical.sv\/index.php\/wp-json\/wp\/v2\/pages\/2789","targetHints":{"allow":["GET"]}}],"collection":[{"href":"https:\/\/vitalmedical.sv\/index.php\/wp-json\/wp\/v2\/pages"}],"about":[{"href":"https:\/\/vitalmedical.sv\/index.php\/wp-json\/wp\/v2\/types\/page"}],"author":[{"embeddable":true,"href":"https:\/\/vitalmedical.sv\/index.php\/wp-json\/wp\/v2\/users\/1"}],"replies":[{"embeddable":true,"href":"https:\/\/vitalmedical.sv\/index.php\/wp-json\/wp\/v2\/comments?post=2789"}],"version-history":[{"count":6,"href":"https:\/\/vitalmedical.sv\/index.php\/wp-json\/wp\/v2\/pages\/2789\/revisions"}],"predecessor-version":[{"id":3549,"href":"https:\/\/vitalmedical.sv\/index.php\/wp-json\/wp\/v2\/pages\/2789\/revisions\/3549"}],"wp:attachment":[{"href":"https:\/\/vitalmedical.sv\/index.php\/wp-json\/wp\/v2\/media?parent=2789"}],"curies":[{"name":"wp","href":"https:\/\/api.w.org\/{rel}","templated":true}]}}